{"id":592,"date":"2024-02-06T11:03:55","date_gmt":"2024-02-06T10:03:55","guid":{"rendered":"https:\/\/heloisefournier.fr\/?page_id=592"},"modified":"2025-03-16T09:23:22","modified_gmt":"2025-03-16T08:23:22","slug":"elementor-592","status":"publish","type":"page","link":"https:\/\/heloisefournier.fr\/?page_id=592","title":{"rendered":"INFO"},"content":{"rendered":"\t\t<div data-elementor-type=\"wp-page\" data-elementor-id=\"592\" class=\"elementor elementor-592\">\n\t\t\t\t<div class=\"elementor-element elementor-element-c1c90cb e-con-full e-flex e-con e-parent\" data-id=\"c1c90cb\" data-element_type=\"container\">\n\t\t<div class=\"elementor-element elementor-element-e3b5e65 e-con-full e-flex e-con e-child\" data-id=\"e3b5e65\" data-element_type=\"container\">\n\t\t\t\t<div class=\"elementor-element elementor-element-ae2a6d6 elementor-widget elementor-widget-image\" data-id=\"ae2a6d6\" data-element_type=\"widget\" data-widget_type=\"image.default\">\n\t\t\t\t<div class=\"elementor-widget-container\">\n\t\t\t\t\t\t\t\t\t\t\t\t\t\t\t<img fetchpriority=\"high\" decoding=\"async\" width=\"1080\" height=\"1080\" src=\"https:\/\/heloisefournier.fr\/wp-content\/uploads\/2024\/02\/CITRON.png\" class=\"attachment-full size-full wp-image-594\" alt=\"\" srcset=\"https:\/\/heloisefournier.fr\/wp-content\/uploads\/2024\/02\/CITRON.png 1080w, https:\/\/heloisefournier.fr\/wp-content\/uploads\/2024\/02\/CITRON-300x300.png 300w, https:\/\/heloisefournier.fr\/wp-content\/uploads\/2024\/02\/CITRON-1024x1024.png 1024w, https:\/\/heloisefournier.fr\/wp-content\/uploads\/2024\/02\/CITRON-150x150.png 150w, https:\/\/heloisefournier.fr\/wp-content\/uploads\/2024\/02\/CITRON-768x768.png 768w\" sizes=\"(max-width: 1080px) 100vw, 1080px\" \/>\t\t\t\t\t\t\t\t\t\t\t\t\t\t\t<\/div>\n\t\t\t\t<\/div>\n\t\t\t\t<\/div>\n\t\t<div class=\"elementor-element elementor-element-8220baa e-con-full e-flex e-con e-child\" data-id=\"8220baa\" data-element_type=\"container\">\n\t\t<div class=\"elementor-element elementor-element-8d7d008 e-con-full e-flex e-con e-child\" data-id=\"8d7d008\" data-element_type=\"container\">\n\t\t\t\t<div class=\"elementor-element elementor-element-ae6e2d6 elementor-widget elementor-widget-heading\" data-id=\"ae6e2d6\" data-element_type=\"widget\" data-widget_type=\"heading.default\">\n\t\t\t\t<div class=\"elementor-widget-container\">\n\t\t\t\t\t<h3 class=\"elementor-heading-title elementor-size-default\">H\u00c9LO\u00cfSE FOURNIER<\/h3>\t\t\t\t<\/div>\n\t\t\t\t<\/div>\n\t\t\t\t<div class=\"elementor-element elementor-element-e3b807a elementor-widget elementor-widget-heading\" data-id=\"e3b807a\" data-element_type=\"widget\" data-widget_type=\"heading.default\">\n\t\t\t\t<div class=\"elementor-widget-container\">\n\t\t\t\t\t<h4 class=\"elementor-heading-title elementor-size-default\">Motion Design &amp; R\u00e9alisation Vid\u00e9o<\/h4>\t\t\t\t<\/div>\n\t\t\t\t<\/div>\n\t\t\t\t<div class=\"elementor-element elementor-element-57fef9d elementor-widget elementor-widget-text-editor\" data-id=\"57fef9d\" data-element_type=\"widget\" data-widget_type=\"text-editor.default\">\n\t\t\t\t<div class=\"elementor-widget-container\">\n\t\t\t\t\t\t\t\t\t<p>Je suis actuellement intermittente du spectacle depuis maintenant 3 ans. Mes principaux employeurs sont TF1 Production et Titrafilm dont les clients sont notamment Warner, Dreamworks, Balanga, Newen, Mediawan&#8230;<\/p><p>Sp\u00e9cialis\u00e9e dans l\u2019habillage TV, je r\u00e9alise aussi bien des packshots de bande-annonce pour des \u00e9missions que des g\u00e9n\u00e9riques de films ou encore des adaptations de logos de dessins anim\u00e9s. \u00c0 c\u00f4t\u00e9 de cela, je d\u00e9veloppe des projets personnels, notamment des courts-m\u00e9trages m\u00ealant prises de vue r\u00e9elle, photographie, motion design bien s\u00fbr, et 3D.<\/p><p>En d\u00e9cembre 2023, j&rsquo;ai obtenu la certification DOLBY VISION.<\/p><p>Vous pouvez retrouver mon interview sur le site de <a href=\"https:\/\/www.video-d.com\/heloise-fournier-motion-designer-a-suivi-la-formation-blender\/\">Video Design Formation<\/a>.<\/p><p><strong>Vous pouvez me contacter pour toute collaboration au 06 47 28 45 99 ou par mail avec hfournier092@gmail.com<\/strong><\/p>\t\t\t\t\t\t\t\t<\/div>\n\t\t\t\t<\/div>\n\t\t\t\t<\/div>\n\t\t\t\t<\/div>\n\t\t\t\t<\/div>\n\t\t\t\t<\/div>\n\t\t","protected":false},"excerpt":{"rendered":"<p>H\u00c9LO\u00cfSE FOURNIER Motion Design &amp; R\u00e9alisation Vid\u00e9o Je suis actuellement intermittente du spectacle depuis maintenant 3 ans. Mes principaux employeurs sont TF1 Production et Titrafilm dont les clients sont notamment Warner, Dreamworks, Balanga, Newen, Mediawan&#8230; Sp\u00e9cialis\u00e9e dans l\u2019habillage TV, je r\u00e9alise aussi bien des packshots de bande-annonce pour des \u00e9missions que des g\u00e9n\u00e9riques de films [&hellip;]<\/p>\n","protected":false},"author":1,"featured_media":0,"parent":0,"menu_order":0,"comment_status":"closed","ping_status":"closed","template":"elementor_canvas","meta":{"footnotes":""},"class_list":["post-592","page","type-page","status-publish","hentry"],"yoast_head":"<!-- This site is optimized with the Yoast SEO plugin v26.8 - https:\/\/yoast.com\/product\/yoast-seo-wordpress\/ -->\n<title>INFO - H\u00e9lo\u00efse Fournier<\/title>\n<meta name=\"robots\" content=\"index, follow, max-snippet:-1, max-image-preview:large, max-video-preview:-1\" \/>\n<link rel=\"canonical\" href=\"https:\/\/heloisefournier.fr\/?page_id=592\" \/>\n<meta property=\"og:locale\" content=\"fr_FR\" \/>\n<meta property=\"og:type\" content=\"article\" \/>\n<meta property=\"og:title\" content=\"INFO - H\u00e9lo\u00efse Fournier\" \/>\n<meta property=\"og:description\" content=\"H\u00c9LO\u00cfSE FOURNIER Motion Design &amp; R\u00e9alisation Vid\u00e9o Je suis actuellement intermittente du spectacle depuis maintenant 3 ans. Mes principaux employeurs sont TF1 Production et Titrafilm dont les clients sont notamment Warner, Dreamworks, Balanga, Newen, Mediawan&#8230; Sp\u00e9cialis\u00e9e dans l\u2019habillage TV, je r\u00e9alise aussi bien des packshots de bande-annonce pour des \u00e9missions que des g\u00e9n\u00e9riques de films [&hellip;]\" \/>\n<meta property=\"og:url\" content=\"https:\/\/heloisefournier.fr\/?page_id=592\" \/>\n<meta property=\"og:site_name\" content=\"H\u00e9lo\u00efse Fournier\" \/>\n<meta property=\"article:modified_time\" content=\"2025-03-16T08:23:22+00:00\" \/>\n<meta property=\"og:image\" content=\"https:\/\/heloisefournier.fr\/wp-content\/uploads\/2024\/02\/CITRON.png\" \/>\n\t<meta property=\"og:image:width\" content=\"1080\" \/>\n\t<meta property=\"og:image:height\" content=\"1080\" \/>\n\t<meta property=\"og:image:type\" content=\"image\/png\" \/>\n<meta name=\"twitter:card\" content=\"summary_large_image\" \/>\n<meta name=\"twitter:label1\" content=\"Dur\u00e9e de lecture estim\u00e9e\" \/>\n\t<meta name=\"twitter:data1\" content=\"1 minute\" \/>\n<script type=\"application\/ld+json\" class=\"yoast-schema-graph\">{\"@context\":\"https:\/\/schema.org\",\"@graph\":[{\"@type\":\"WebPage\",\"@id\":\"https:\/\/heloisefournier.fr\/?page_id=592\",\"url\":\"https:\/\/heloisefournier.fr\/?page_id=592\",\"name\":\"INFO - H\u00e9lo\u00efse Fournier\",\"isPartOf\":{\"@id\":\"https:\/\/heloisefournier.fr\/#website\"},\"primaryImageOfPage\":{\"@id\":\"https:\/\/heloisefournier.fr\/?page_id=592#primaryimage\"},\"image\":{\"@id\":\"https:\/\/heloisefournier.fr\/?page_id=592#primaryimage\"},\"thumbnailUrl\":\"https:\/\/heloisefournier.fr\/wp-content\/uploads\/2024\/02\/CITRON.png\",\"datePublished\":\"2024-02-06T10:03:55+00:00\",\"dateModified\":\"2025-03-16T08:23:22+00:00\",\"breadcrumb\":{\"@id\":\"https:\/\/heloisefournier.fr\/?page_id=592#breadcrumb\"},\"inLanguage\":\"fr-FR\",\"potentialAction\":[{\"@type\":\"ReadAction\",\"target\":[\"https:\/\/heloisefournier.fr\/?page_id=592\"]}]},{\"@type\":\"ImageObject\",\"inLanguage\":\"fr-FR\",\"@id\":\"https:\/\/heloisefournier.fr\/?page_id=592#primaryimage\",\"url\":\"https:\/\/heloisefournier.fr\/wp-content\/uploads\/2024\/02\/CITRON.png\",\"contentUrl\":\"https:\/\/heloisefournier.fr\/wp-content\/uploads\/2024\/02\/CITRON.png\",\"width\":1080,\"height\":1080},{\"@type\":\"BreadcrumbList\",\"@id\":\"https:\/\/heloisefournier.fr\/?page_id=592#breadcrumb\",\"itemListElement\":[{\"@type\":\"ListItem\",\"position\":1,\"name\":\"Accueil\",\"item\":\"https:\/\/heloisefournier.fr\/\"},{\"@type\":\"ListItem\",\"position\":2,\"name\":\"INFO\"}]},{\"@type\":\"WebSite\",\"@id\":\"https:\/\/heloisefournier.fr\/#website\",\"url\":\"https:\/\/heloisefournier.fr\/\",\"name\":\"H\u00e9lo\u00efse Fournier\",\"description\":\"\",\"potentialAction\":[{\"@type\":\"SearchAction\",\"target\":{\"@type\":\"EntryPoint\",\"urlTemplate\":\"https:\/\/heloisefournier.fr\/?s={search_term_string}\"},\"query-input\":{\"@type\":\"PropertyValueSpecification\",\"valueRequired\":true,\"valueName\":\"search_term_string\"}}],\"inLanguage\":\"fr-FR\"}]}<\/script>\n<!-- \/ Yoast SEO plugin. -->","yoast_head_json":{"title":"INFO - H\u00e9lo\u00efse Fournier","robots":{"index":"index","follow":"follow","max-snippet":"max-snippet:-1","max-image-preview":"max-image-preview:large","max-video-preview":"max-video-preview:-1"},"canonical":"https:\/\/heloisefournier.fr\/?page_id=592","og_locale":"fr_FR","og_type":"article","og_title":"INFO - H\u00e9lo\u00efse Fournier","og_description":"H\u00c9LO\u00cfSE FOURNIER Motion Design &amp; R\u00e9alisation Vid\u00e9o Je suis actuellement intermittente du spectacle depuis maintenant 3 ans. Mes principaux employeurs sont TF1 Production et Titrafilm dont les clients sont notamment Warner, Dreamworks, Balanga, Newen, Mediawan&#8230; Sp\u00e9cialis\u00e9e dans l\u2019habillage TV, je r\u00e9alise aussi bien des packshots de bande-annonce pour des \u00e9missions que des g\u00e9n\u00e9riques de films [&hellip;]","og_url":"https:\/\/heloisefournier.fr\/?page_id=592","og_site_name":"H\u00e9lo\u00efse Fournier","article_modified_time":"2025-03-16T08:23:22+00:00","og_image":[{"width":1080,"height":1080,"url":"https:\/\/heloisefournier.fr\/wp-content\/uploads\/2024\/02\/CITRON.png","type":"image\/png"}],"twitter_card":"summary_large_image","twitter_misc":{"Dur\u00e9e de lecture estim\u00e9e":"1 minute"},"schema":{"@context":"https:\/\/schema.org","@graph":[{"@type":"WebPage","@id":"https:\/\/heloisefournier.fr\/?page_id=592","url":"https:\/\/heloisefournier.fr\/?page_id=592","name":"INFO - H\u00e9lo\u00efse Fournier","isPartOf":{"@id":"https:\/\/heloisefournier.fr\/#website"},"primaryImageOfPage":{"@id":"https:\/\/heloisefournier.fr\/?page_id=592#primaryimage"},"image":{"@id":"https:\/\/heloisefournier.fr\/?page_id=592#primaryimage"},"thumbnailUrl":"https:\/\/heloisefournier.fr\/wp-content\/uploads\/2024\/02\/CITRON.png","datePublished":"2024-02-06T10:03:55+00:00","dateModified":"2025-03-16T08:23:22+00:00","breadcrumb":{"@id":"https:\/\/heloisefournier.fr\/?page_id=592#breadcrumb"},"inLanguage":"fr-FR","potentialAction":[{"@type":"ReadAction","target":["https:\/\/heloisefournier.fr\/?page_id=592"]}]},{"@type":"ImageObject","inLanguage":"fr-FR","@id":"https:\/\/heloisefournier.fr\/?page_id=592#primaryimage","url":"https:\/\/heloisefournier.fr\/wp-content\/uploads\/2024\/02\/CITRON.png","contentUrl":"https:\/\/heloisefournier.fr\/wp-content\/uploads\/2024\/02\/CITRON.png","width":1080,"height":1080},{"@type":"BreadcrumbList","@id":"https:\/\/heloisefournier.fr\/?page_id=592#breadcrumb","itemListElement":[{"@type":"ListItem","position":1,"name":"Accueil","item":"https:\/\/heloisefournier.fr\/"},{"@type":"ListItem","position":2,"name":"INFO"}]},{"@type":"WebSite","@id":"https:\/\/heloisefournier.fr\/#website","url":"https:\/\/heloisefournier.fr\/","name":"H\u00e9lo\u00efse Fournier","description":"","potentialAction":[{"@type":"SearchAction","target":{"@type":"EntryPoint","urlTemplate":"https:\/\/heloisefournier.fr\/?s={search_term_string}"},"query-input":{"@type":"PropertyValueSpecification","valueRequired":true,"valueName":"search_term_string"}}],"inLanguage":"fr-FR"}]}},"_links":{"self":[{"href":"https:\/\/heloisefournier.fr\/index.php?rest_route=\/wp\/v2\/pages\/592","targetHints":{"allow":["GET"]}}],"collection":[{"href":"https:\/\/heloisefournier.fr\/index.php?rest_route=\/wp\/v2\/pages"}],"about":[{"href":"https:\/\/heloisefournier.fr\/index.php?rest_route=\/wp\/v2\/types\/page"}],"author":[{"embeddable":true,"href":"https:\/\/heloisefournier.fr\/index.php?rest_route=\/wp\/v2\/users\/1"}],"replies":[{"embeddable":true,"href":"https:\/\/heloisefournier.fr\/index.php?rest_route=%2Fwp%2Fv2%2Fcomments&post=592"}],"version-history":[{"count":44,"href":"https:\/\/heloisefournier.fr\/index.php?rest_route=\/wp\/v2\/pages\/592\/revisions"}],"predecessor-version":[{"id":1012,"href":"https:\/\/heloisefournier.fr\/index.php?rest_route=\/wp\/v2\/pages\/592\/revisions\/1012"}],"wp:attachment":[{"href":"https:\/\/heloisefournier.fr\/index.php?rest_route=%2Fwp%2Fv2%2Fmedia&parent=592"}],"curies":[{"name":"wp","href":"https:\/\/api.w.org\/{rel}","templated":true}]}}